{"id":4725,"date":"2025-02-24T05:50:20","date_gmt":"2025-02-24T05:50:20","guid":{"rendered":"https:\/\/georgebuildhome.com\/?post_type=product&#038;p=4725"},"modified":"2025-02-24T05:50:22","modified_gmt":"2025-02-24T05:50:22","slug":"yangina-dayanikli-su-perdesi-sistemi","status":"publish","type":"product","link":"https:\/\/georgebuildhome.com\/tr\/product\/yangina-dayanikli-su-perdesi-sistemi\/","title":{"rendered":"Yang\u0131na Dayan\u0131kl\u0131 Su Perdesi Sistemi"},"excerpt":{"rendered":"<p>Yang\u0131na Dayan\u0131kl\u0131 Su Perdesi Sistemimiz g\u00fcvenilir yang\u0131n korumas\u0131 sunar. Yang\u0131n ve dumana kar\u015f\u0131 bir bariyer g\u00f6revi g\u00f6ren s\u00fcrekli bir su perdesi olu\u015fturur. Bu sistem yang\u0131n\u0131n yay\u0131lmas\u0131n\u0131 \u00f6nlemede, biti\u015fik alanlar\u0131 ve yap\u0131lar\u0131 korumada olduk\u00e7a etkilidir. B\u00fcy\u00fck end\u00fcstriyel binalara, al\u0131\u015fveri\u015f merkezlerine ve di\u011fer y\u00fcksek riskli alanlara kurulabilir ve bir yang\u0131n patlamas\u0131 durumunda ekstra bir g\u00fcvenlik katman\u0131 sa\u011flar.<\/p>","protected":false},"featured_media":4729,"template":"","meta":{"_eb_attr":"","_uag_custom_page_level_css":"","pgc_sgb_lightbox_settings":""},"product_brand":[],"product_cat":[136],"product_tag":[],"metal-glass":[224],"lighting":[],"flooring-staircase":[],"kitchenwardrobe":[],"appliances":[],"furniture-materials":[],"tile_65":[],"tile":[],"marble-granite":[],"furnishing-materials":[],"doors-windows":[],"class_list":{"0":"post-4725","1":"product","2":"type-product","3":"status-publish","4":"has-post-thumbnail","6":"product_cat-metal-glass","7":"metal-glass-fire-fighting-equipment","9":"first","10":"instock","11":"shipping-taxable","12":"product-type-simple"},"yoast_head":"<!-- This site is optimized with the Yoast SEO Premium plugin v23.6 (Yoast SEO v23.6) - https:\/\/yoast.com\/wordpress\/plugins\/seo\/ -->\n<title>Fire-Rated Water Curtain System - China Building Materials | Whole House Customization<\/title>\n<meta name=\"robots\" content=\"index, follow, max-snippet:-1, max-image-preview:large, max-video-preview:-1\" \/>\n<link rel=\"canonical\" href=\"https:\/\/georgebuildhome.com\/tr\/wp-json\/wp\/v2\/product\/4725\" \/>\n<meta property=\"og:locale\" content=\"tr_TR\" \/>\n<meta property=\"og:type\" content=\"article\" \/>\n<meta property=\"og:title\" content=\"Fire-Rated Water Curtain System\" \/>\n<meta property=\"og:description\" content=\"Our Fire - Rated Water Curtain System offers reliable fire protection. It creates a continuous water curtain that acts as a barrier against fire and smoke. This system is highly effective in preventing the spread of fire, protecting adjacent areas and structures. It can be installed in large industrial buildings, shopping malls, and other high - risk areas, providing an extra layer of safety in case of a fire outbreak.\" \/>\n<meta property=\"og:url\" content=\"https:\/\/georgebuildhome.com\/tr\/product\/yangina-dayanikli-su-perdesi-sistemi\/\" \/>\n<meta property=\"og:site_name\" content=\"China Building Materials | Whole House Customization\" \/>\n<meta property=\"article:modified_time\" content=\"2025-02-24T05:50:22+00:00\" \/>\n<meta property=\"og:image\" content=\"https:\/\/georgebuildhome.com\/wp-content\/uploads\/2025\/02\/620aad29-fecf-4e03-a171-f61df056b3cd.jpg\" \/>\n\t<meta property=\"og:image:width\" content=\"2121\" \/>\n\t<meta property=\"og:image:height\" content=\"1414\" \/>\n\t<meta property=\"og:image:type\" content=\"image\/jpeg\" \/>\n<meta name=\"twitter:card\" content=\"summary_large_image\" \/>\n<script type=\"application\/ld+json\" class=\"yoast-schema-graph\">{\"@context\":\"https:\/\/schema.org\",\"@graph\":[{\"@type\":\"WebPage\",\"@id\":\"https:\/\/georgebuildhome.com\/product\/fire-rated-water-curtain-system\/\",\"url\":\"https:\/\/georgebuildhome.com\/product\/fire-rated-water-curtain-system\/\",\"name\":\"Fire-Rated Water Curtain System - China Building Materials | Whole House Customization\",\"isPartOf\":{\"@id\":\"https:\/\/georgebuildhome.com\/#website\"},\"primaryImageOfPage\":{\"@id\":\"https:\/\/georgebuildhome.com\/product\/fire-rated-water-curtain-system\/#primaryimage\"},\"image\":{\"@id\":\"https:\/\/georgebuildhome.com\/product\/fire-rated-water-curtain-system\/#primaryimage\"},\"thumbnailUrl\":\"https:\/\/georgebuildhome.com\/wp-content\/uploads\/2025\/02\/620aad29-fecf-4e03-a171-f61df056b3cd.jpg?wsr\",\"datePublished\":\"2025-02-24T05:50:20+00:00\",\"dateModified\":\"2025-02-24T05:50:22+00:00\",\"breadcrumb\":{\"@id\":\"https:\/\/georgebuildhome.com\/product\/fire-rated-water-curtain-system\/#breadcrumb\"},\"inLanguage\":\"tr\",\"potentialAction\":[{\"@type\":\"ReadAction\",\"target\":[\"https:\/\/georgebuildhome.com\/product\/fire-rated-water-curtain-system\/\"]}]},{\"@type\":\"ImageObject\",\"inLanguage\":\"tr\",\"@id\":\"https:\/\/georgebuildhome.com\/product\/fire-rated-water-curtain-system\/#primaryimage\",\"url\":\"https:\/\/georgebuildhome.com\/wp-content\/uploads\/2025\/02\/620aad29-fecf-4e03-a171-f61df056b3cd.jpg?wsr\",\"contentUrl\":\"https:\/\/georgebuildhome.com\/wp-content\/uploads\/2025\/02\/620aad29-fecf-4e03-a171-f61df056b3cd.jpg?wsr\",\"width\":2121,\"height\":1414,\"caption\":\"Firefighters who use fire extinguishers and hose water to fight fires\"},{\"@type\":\"BreadcrumbList\",\"@id\":\"https:\/\/georgebuildhome.com\/product\/fire-rated-water-curtain-system\/#breadcrumb\",\"itemListElement\":[{\"@type\":\"ListItem\",\"position\":1,\"name\":\"Home\",\"item\":\"https:\/\/georgebuildhome.com\/\"},{\"@type\":\"ListItem\",\"position\":2,\"name\":\"\u4ea7\u54c1\",\"item\":\"https:\/\/georgebuildhome.com\/shop\/\"},{\"@type\":\"ListItem\",\"position\":3,\"name\":\"Fire-Rated Water Curtain System\"}]},{\"@type\":\"WebSite\",\"@id\":\"https:\/\/georgebuildhome.com\/#website\",\"url\":\"https:\/\/georgebuildhome.com\/\",\"name\":\"China Building Materials | Whole House Customization\",\"description\":\"China Building Materials | Whole House Customization\",\"publisher\":{\"@id\":\"https:\/\/georgebuildhome.com\/#organization\"},\"potentialAction\":[{\"@type\":\"SearchAction\",\"target\":{\"@type\":\"EntryPoint\",\"urlTemplate\":\"https:\/\/georgebuildhome.com\/?s={search_term_string}\"},\"query-input\":{\"@type\":\"PropertyValueSpecification\",\"valueRequired\":true,\"valueName\":\"search_term_string\"}}],\"inLanguage\":\"tr\"},{\"@type\":\"Organization\",\"@id\":\"https:\/\/georgebuildhome.com\/#organization\",\"name\":\"China Building Materials | Whole House Customization\",\"url\":\"https:\/\/georgebuildhome.com\/\",\"logo\":{\"@type\":\"ImageObject\",\"inLanguage\":\"tr\",\"@id\":\"https:\/\/georgebuildhome.com\/#\/schema\/logo\/image\/\",\"url\":\"https:\/\/georgebuildhome.com\/wp-content\/uploads\/2024\/11\/George-Group-Logo-White-2048x631-1.png?wsr\",\"contentUrl\":\"https:\/\/georgebuildhome.com\/wp-content\/uploads\/2024\/11\/George-Group-Logo-White-2048x631-1.png?wsr\",\"width\":2048,\"height\":631,\"caption\":\"China Building Materials | Whole House Customization\"},\"image\":{\"@id\":\"https:\/\/georgebuildhome.com\/#\/schema\/logo\/image\/\"}}]}<\/script>\n<!-- \/ Yoast SEO Premium plugin. -->","yoast_head_json":{"title":"Yang\u0131na Dayan\u0131kl\u0131 Su Perdesi Sistemi - \u00c7in Yap\u0131 Malzemeleri | T\u00fcm Ev \u00d6zelle\u015ftirme","robots":{"index":"index","follow":"follow","max-snippet":"max-snippet:-1","max-image-preview":"max-image-preview:large","max-video-preview":"max-video-preview:-1"},"canonical":"https:\/\/georgebuildhome.com\/tr\/wp-json\/wp\/v2\/product\/4725","og_locale":"tr_TR","og_type":"article","og_title":"Fire-Rated Water Curtain System","og_description":"Our Fire - Rated Water Curtain System offers reliable fire protection. It creates a continuous water curtain that acts as a barrier against fire and smoke. This system is highly effective in preventing the spread of fire, protecting adjacent areas and structures. It can be installed in large industrial buildings, shopping malls, and other high - risk areas, providing an extra layer of safety in case of a fire outbreak.","og_url":"https:\/\/georgebuildhome.com\/tr\/product\/yangina-dayanikli-su-perdesi-sistemi\/","og_site_name":"China Building Materials | Whole House Customization","article_modified_time":"2025-02-24T05:50:22+00:00","og_image":[{"width":2121,"height":1414,"url":"https:\/\/georgebuildhome.com\/wp-content\/uploads\/2025\/02\/620aad29-fecf-4e03-a171-f61df056b3cd.jpg","type":"image\/jpeg"}],"twitter_card":"summary_large_image","schema":{"@context":"https:\/\/schema.org","@graph":[{"@type":"WebPage","@id":"https:\/\/georgebuildhome.com\/product\/fire-rated-water-curtain-system\/","url":"https:\/\/georgebuildhome.com\/product\/fire-rated-water-curtain-system\/","name":"Yang\u0131na Dayan\u0131kl\u0131 Su Perdesi Sistemi - \u00c7in Yap\u0131 Malzemeleri | T\u00fcm Ev \u00d6zelle\u015ftirme","isPartOf":{"@id":"https:\/\/georgebuildhome.com\/#website"},"primaryImageOfPage":{"@id":"https:\/\/georgebuildhome.com\/product\/fire-rated-water-curtain-system\/#primaryimage"},"image":{"@id":"https:\/\/georgebuildhome.com\/product\/fire-rated-water-curtain-system\/#primaryimage"},"thumbnailUrl":"https:\/\/georgebuildhome.com\/wp-content\/uploads\/2025\/02\/620aad29-fecf-4e03-a171-f61df056b3cd.jpg?wsr","datePublished":"2025-02-24T05:50:20+00:00","dateModified":"2025-02-24T05:50:22+00:00","breadcrumb":{"@id":"https:\/\/georgebuildhome.com\/product\/fire-rated-water-curtain-system\/#breadcrumb"},"inLanguage":"tr","potentialAction":[{"@type":"ReadAction","target":["https:\/\/georgebuildhome.com\/product\/fire-rated-water-curtain-system\/"]}]},{"@type":"ImageObject","inLanguage":"tr","@id":"https:\/\/georgebuildhome.com\/product\/fire-rated-water-curtain-system\/#primaryimage","url":"https:\/\/georgebuildhome.com\/wp-content\/uploads\/2025\/02\/620aad29-fecf-4e03-a171-f61df056b3cd.jpg?wsr","contentUrl":"https:\/\/georgebuildhome.com\/wp-content\/uploads\/2025\/02\/620aad29-fecf-4e03-a171-f61df056b3cd.jpg?wsr","width":2121,"height":1414,"caption":"Firefighters who use fire extinguishers and hose water to fight fires"},{"@type":"BreadcrumbList","@id":"https:\/\/georgebuildhome.com\/product\/fire-rated-water-curtain-system\/#breadcrumb","itemListElement":[{"@type":"ListItem","position":1,"name":"Home","item":"https:\/\/georgebuildhome.com\/"},{"@type":"ListItem","position":2,"name":"\u4ea7\u54c1","item":"https:\/\/georgebuildhome.com\/shop\/"},{"@type":"ListItem","position":3,"name":"Fire-Rated Water Curtain System"}]},{"@type":"WebSite","@id":"https:\/\/georgebuildhome.com\/#website","url":"https:\/\/georgebuildhome.com\/","name":"\u00c7in Yap\u0131 Malzemeleri | T\u00fcm Ev \u00d6zelle\u015ftirme","description":"\u00c7in Yap\u0131 Malzemeleri | T\u00fcm Ev \u00d6zelle\u015ftirme","publisher":{"@id":"https:\/\/georgebuildhome.com\/#organization"},"potentialAction":[{"@type":"SearchAction","target":{"@type":"EntryPoint","urlTemplate":"https:\/\/georgebuildhome.com\/?s={search_term_string}"},"query-input":{"@type":"PropertyValueSpecification","valueRequired":true,"valueName":"search_term_string"}}],"inLanguage":"tr"},{"@type":"Organization","@id":"https:\/\/georgebuildhome.com\/#organization","name":"\u00c7in Yap\u0131 Malzemeleri | T\u00fcm Ev \u00d6zelle\u015ftirme","url":"https:\/\/georgebuildhome.com\/","logo":{"@type":"ImageObject","inLanguage":"tr","@id":"https:\/\/georgebuildhome.com\/#\/schema\/logo\/image\/","url":"https:\/\/georgebuildhome.com\/wp-content\/uploads\/2024\/11\/George-Group-Logo-White-2048x631-1.png?wsr","contentUrl":"https:\/\/georgebuildhome.com\/wp-content\/uploads\/2024\/11\/George-Group-Logo-White-2048x631-1.png?wsr","width":2048,"height":631,"caption":"China Building Materials | Whole House Customization"},"image":{"@id":"https:\/\/georgebuildhome.com\/#\/schema\/logo\/image\/"}}]}},"uagb_featured_image_src":{"full":["https:\/\/georgebuildhome.com\/wp-content\/uploads\/2025\/02\/620aad29-fecf-4e03-a171-f61df056b3cd.jpg?wsr",2121,1414,false],"thumbnail":["https:\/\/georgebuildhome.com\/wp-content\/uploads\/2025\/02\/620aad29-fecf-4e03-a171-f61df056b3cd-150x150.jpg?wsr",150,150,true],"medium":["https:\/\/georgebuildhome.com\/wp-content\/uploads\/2025\/02\/620aad29-fecf-4e03-a171-f61df056b3cd-300x200.jpg?wsr",300,200,true],"medium_large":["https:\/\/georgebuildhome.com\/wp-content\/uploads\/2025\/02\/620aad29-fecf-4e03-a171-f61df056b3cd-768x512.jpg?wsr",768,512,true],"large":["https:\/\/georgebuildhome.com\/wp-content\/uploads\/2025\/02\/620aad29-fecf-4e03-a171-f61df056b3cd-1024x683.jpg?wsr",800,534,true],"1536x1536":["https:\/\/georgebuildhome.com\/wp-content\/uploads\/2025\/02\/620aad29-fecf-4e03-a171-f61df056b3cd-1536x1024.jpg?wsr",1536,1024,true],"2048x2048":["https:\/\/georgebuildhome.com\/wp-content\/uploads\/2025\/02\/620aad29-fecf-4e03-a171-f61df056b3cd-2048x1365.jpg?wsr",2048,1365,true],"trp-custom-language-flag":["https:\/\/georgebuildhome.com\/wp-content\/uploads\/2025\/02\/620aad29-fecf-4e03-a171-f61df056b3cd.jpg?wsr",18,12,false],"woocommerce_thumbnail":["https:\/\/georgebuildhome.com\/wp-content\/uploads\/2025\/02\/620aad29-fecf-4e03-a171-f61df056b3cd-300x300.jpg?wsr",300,300,true],"woocommerce_single":["https:\/\/georgebuildhome.com\/wp-content\/uploads\/2025\/02\/620aad29-fecf-4e03-a171-f61df056b3cd-600x400.jpg?wsr",600,400,true],"woocommerce_gallery_thumbnail":["https:\/\/georgebuildhome.com\/wp-content\/uploads\/2025\/02\/620aad29-fecf-4e03-a171-f61df056b3cd-100x100.jpg?wsr",100,100,true]},"uagb_author_info":{"display_name":"lanadmin","author_link":"https:\/\/georgebuildhome.com\/tr\/author\/"},"uagb_comment_info":0,"uagb_excerpt":"Our Fire - Rated Water Curtain System offers reliable fire protection. It creates a continuous water curtain that acts as a barrier against fire and smoke. This system is highly effective in preventing the spread of fire, protecting adjacent areas and structures. It can be installed in large industrial buildings, shopping malls, and other high&hellip;","_links":{"self":[{"href":"https:\/\/georgebuildhome.com\/tr\/wp-json\/wp\/v2\/product\/4725","targetHints":{"allow":["GET"]}}],"collection":[{"href":"https:\/\/georgebuildhome.com\/tr\/wp-json\/wp\/v2\/product"}],"about":[{"href":"https:\/\/georgebuildhome.com\/tr\/wp-json\/wp\/v2\/types\/product"}],"wp:featuredmedia":[{"embeddable":true,"href":"https:\/\/georgebuildhome.com\/tr\/wp-json\/wp\/v2\/media\/4729"}],"wp:attachment":[{"href":"https:\/\/georgebuildhome.com\/tr\/wp-json\/wp\/v2\/media?parent=4725"}],"wp:term":[{"taxonomy":"product_brand","embeddable":true,"href":"https:\/\/georgebuildhome.com\/tr\/wp-json\/wp\/v2\/product_brand?post=4725"},{"taxonomy":"product_cat","embeddable":true,"href":"https:\/\/georgebuildhome.com\/tr\/wp-json\/wp\/v2\/product_cat?post=4725"},{"taxonomy":"product_tag","embeddable":true,"href":"https:\/\/georgebuildhome.com\/tr\/wp-json\/wp\/v2\/product_tag?post=4725"},{"taxonomy":"metal-glass","embeddable":true,"href":"https:\/\/georgebuildhome.com\/tr\/wp-json\/wp\/v2\/metal-glass?post=4725"},{"taxonomy":"lighting","embeddable":true,"href":"https:\/\/georgebuildhome.com\/tr\/wp-json\/wp\/v2\/lighting?post=4725"},{"taxonomy":"flooring-staircase","embeddable":true,"href":"https:\/\/georgebuildhome.com\/tr\/wp-json\/wp\/v2\/flooring-staircase?post=4725"},{"taxonomy":"kitchenwardrobe","embeddable":true,"href":"https:\/\/georgebuildhome.com\/tr\/wp-json\/wp\/v2\/kitchenwardrobe?post=4725"},{"taxonomy":"appliances","embeddable":true,"href":"https:\/\/georgebuildhome.com\/tr\/wp-json\/wp\/v2\/appliances?post=4725"},{"taxonomy":"furniture-materials","embeddable":true,"href":"https:\/\/georgebuildhome.com\/tr\/wp-json\/wp\/v2\/furniture-materials?post=4725"},{"taxonomy":"tile_65","embeddable":true,"href":"https:\/\/georgebuildhome.com\/tr\/wp-json\/wp\/v2\/tile_65?post=4725"},{"taxonomy":"tile","embeddable":true,"href":"https:\/\/georgebuildhome.com\/tr\/wp-json\/wp\/v2\/tile?post=4725"},{"taxonomy":"marble-granite","embeddable":true,"href":"https:\/\/georgebuildhome.com\/tr\/wp-json\/wp\/v2\/marble-granite?post=4725"},{"taxonomy":"furnishing-materials","embeddable":true,"href":"https:\/\/georgebuildhome.com\/tr\/wp-json\/wp\/v2\/furnishing-materials?post=4725"},{"taxonomy":"doors-windows","embeddable":true,"href":"https:\/\/georgebuildhome.com\/tr\/wp-json\/wp\/v2\/doors-windows?post=4725"}],"curies":[{"name":"wp","href":"https:\/\/api.w.org\/{rel}","templated":true}]}}